{"id":1288,"date":"2025-04-21T22:58:41","date_gmt":"2025-04-21T22:58:41","guid":{"rendered":"https:\/\/www.agroindustriasgonzalez.com\/?page_id=1288"},"modified":"2025-05-15T19:12:45","modified_gmt":"2025-05-15T19:12:45","slug":"lago-agrio","status":"publish","type":"page","link":"https:\/\/agroindustriasgonzalez.com\/en\/lago-agrio\/","title":{"rendered":"Lago Agrio"},"content":{"rendered":"<div data-elementor-type=\"wp-page\" data-elementor-id=\"1288\" class=\"elementor elementor-1288\" data-elementor-post-type=\"page\">\n\t\t\t\t<div data-particle_enable=\"false\" data-particle-mobile-disabled=\"false\" class=\"elementor-element elementor-element-d6b5948 e-flex e-con-boxed e-con e-parent\" data-id=\"d6b5948\" data-element_type=\"container\" data-e-type=\"container\" data-settings=\"{&quot;background_background&quot;:&quot;classic&quot;}\">\n\t\t\t\t\t<div class=\"e-con-inner\">\n\t\t\t\t<div class=\"elementor-element elementor-element-5d94103 elementor-widget elementor-widget-heading\" data-id=\"5d94103\" data-element_type=\"widget\" data-e-type=\"widget\" data-widget_type=\"heading.default\">\n\t\t\t\t<div class=\"elementor-widget-container\">\n\t\t\t\t\t<h2 class=\"elementor-heading-title elementor-size-default\">Committed to the Planet and Quality Production\n<\/h2>\t\t\t\t<\/div>\n\t\t\t\t<\/div>\n\t\t\t\t\t<\/div>\n\t\t\t\t<\/div>\n\t\t<div data-particle_enable=\"false\" data-particle-mobile-disabled=\"false\" class=\"elementor-element elementor-element-567efa2 e-flex e-con-boxed e-con e-parent\" data-id=\"567efa2\" data-element_type=\"container\" data-e-type=\"container\" data-settings=\"{&quot;background_background&quot;:&quot;classic&quot;}\">\n\t\t\t\t\t<div class=\"e-con-inner\">\n\t\t<div data-particle_enable=\"false\" data-particle-mobile-disabled=\"false\" class=\"elementor-element elementor-element-6ad2960 e-con-full e-flex e-con e-child\" data-id=\"6ad2960\" data-element_type=\"container\" data-e-type=\"container\">\n\t\t\t\t<div class=\"elementor-element elementor-element-2f19ec2 elementor-widget elementor-widget-heading\" data-id=\"2f19ec2\" data-element_type=\"widget\" data-e-type=\"widget\" data-widget_type=\"heading.default\">\n\t\t\t\t<div class=\"elementor-widget-container\">\n\t\t\t\t\t<h2 class=\"elementor-heading-title elementor-size-default\">Our Farms \u2013 Responsible and Sustainable Production\n\n\n<\/h2>\t\t\t\t<\/div>\n\t\t\t\t<\/div>\n\t\t\t\t<div class=\"elementor-element elementor-element-56ca282 elementor-widget elementor-widget-text-editor\" data-id=\"56ca282\" data-element_type=\"widget\" data-e-type=\"widget\" data-widget_type=\"text-editor.default\">\n\t\t\t\t<div class=\"elementor-widget-container\">\n\t\t\t\t\t\t\t\t\t<p><span style=\"font-weight: 400;\">In Lago Agrio, we produce tilapia, paiche, and fattening pigs, while in the Borja Nucleus, we specialize in swine reproduction.<\/span><\/p><p><span style=\"font-weight: 400;\">Both farms are committed to sustainability and environmental respect, using responsible production practices that promote local and regional development.<\/span><\/p>\t\t\t\t\t\t\t\t<\/div>\n\t\t\t\t<\/div>\n\t\t\t\t<\/div>\n\t\t<div data-particle_enable=\"false\" data-particle-mobile-disabled=\"false\" class=\"elementor-element elementor-element-75e4ec1 e-con-full e-flex e-con e-child\" data-id=\"75e4ec1\" data-element_type=\"container\" data-e-type=\"container\">\n\t\t\t\t<div class=\"elementor-element elementor-element-b1a4412 elementor-widget elementor-widget-image\" data-id=\"b1a4412\" data-element_type=\"widget\" data-e-type=\"widget\" data-widget_type=\"image.default\">\n\t\t\t\t<div class=\"elementor-widget-container\">\n\t\t\t\t\t\t\t\t\t\t\t\t\t\t\t<img fetchpriority=\"high\" decoding=\"async\" width=\"1024\" height=\"1024\" src=\"https:\/\/agroindustriasgonzalez.com\/wp-content\/uploads\/2025\/05\/Determined-Fisherman-in-Shallow-Water.png\" class=\"attachment-large size-large wp-image-1653\" alt=\"\" srcset=\"https:\/\/agroindustriasgonzalez.com\/wp-content\/uploads\/2025\/05\/Determined-Fisherman-in-Shallow-Water.png 1024w, https:\/\/agroindustriasgonzalez.com\/wp-content\/uploads\/2025\/05\/Determined-Fisherman-in-Shallow-Water-300x300.png 300w, https:\/\/agroindustriasgonzalez.com\/wp-content\/uploads\/2025\/05\/Determined-Fisherman-in-Shallow-Water-150x150.png 150w, https:\/\/agroindustriasgonzalez.com\/wp-content\/uploads\/2025\/05\/Determined-Fisherman-in-Shallow-Water-768x768.png 768w, https:\/\/agroindustriasgonzalez.com\/wp-content\/uploads\/2025\/05\/Determined-Fisherman-in-Shallow-Water-12x12.png 12w\" sizes=\"(max-width: 1024px) 100vw, 1024px\" \/>\t\t\t\t\t\t\t\t\t\t\t\t\t\t\t<\/div>\n\t\t\t\t<\/div>\n\t\t\t\t<\/div>\n\t\t\t\t\t<\/div>\n\t\t\t\t<\/div>\n\t\t\t\t<\/div>","protected":false},"excerpt":{"rendered":"<p>Comprometidos con el Planeta y la Producci\u00f3n de Calidad Nuestras Granjas\u2013 Producci\u00f3n Responsable y Sostenible En Lago Agrio producimos tilapia, paiche y cerdo de engorde, mientras que, en el N\u00facleo Borja, nos especializamos en la reproducci\u00f3n de cerdos. Ambas fincas est\u00e1n comprometidas con la sostenibilidad y el respeto por el medio ambiente, utilizando pr\u00e1cticas productivas [&hellip;]<\/p>\n","protected":false},"author":3,"featured_media":0,"parent":0,"menu_order":0,"comment_status":"closed","ping_status":"closed","template":"","meta":{"site-sidebar-layout":"no-sidebar","site-content-layout":"page-builder","ast-site-content-layout":"full-width-container","site-content-style":"default","site-sidebar-style":"default","ast-global-header-display":"","ast-banner-title-visibility":"","ast-main-header-display":"","ast-hfb-above-header-display":"","ast-hfb-below-header-display":"","ast-hfb-mobile-header-display":"","site-post-title":"disabled","ast-breadcrumbs-content":"","ast-featured-img":"disabled","footer-sml-layout":"","ast-disable-related-posts":"","theme-transparent-header-meta":"","adv-header-id-meta":"","stick-header-meta":"","header-above-stick-meta":"","header-main-stick-meta":"","header-below-stick-meta":"","astra-migrate-meta-layouts":"set","ast-page-background-enabled":"default","ast-page-background-meta":{"desktop":{"background-color":"var(--ast-global-color-4)","background-image":"","background-repeat":"repeat","background-position":"center center","background-size":"auto","background-attachment":"scroll","background-type":"","background-media":"","overlay-type":"","overlay-color":"","overlay-opacity":"","overlay-gradient":""},"tablet":{"background-color":"","background-image":"","background-repeat":"repeat","background-position":"center center","background-size":"auto","background-attachment":"scroll","background-type":"","background-media":"","overlay-type":"","overlay-color":"","overlay-opacity":"","overlay-gradient":""},"mobile":{"background-color":"","background-image":"","background-repeat":"repeat","background-position":"center center","background-size":"auto","background-attachment":"scroll","background-type":"","background-media":"","overlay-type":"","overlay-color":"","overlay-opacity":"","overlay-gradient":""}},"ast-content-background-meta":{"desktop":{"background-color":"var(--ast-global-color-5)","background-image":"","background-repeat":"repeat","background-position":"center center","background-size":"auto","background-attachment":"scroll","background-type":"","background-media":"","overlay-type":"","overlay-color":"","overlay-opacity":"","overlay-gradient":""},"tablet":{"background-color":"var(--ast-global-color-5)","background-image":"","background-repeat":"repeat","background-position":"center center","background-size":"auto","background-attachment":"scroll","background-type":"","background-media":"","overlay-type":"","overlay-color":"","overlay-opacity":"","overlay-gradient":""},"mobile":{"background-color":"var(--ast-global-color-5)","background-image":"","background-repeat":"repeat","background-position":"center center","background-size":"auto","background-attachment":"scroll","background-type":"","background-media":"","overlay-type":"","overlay-color":"","overlay-opacity":"","overlay-gradient":""}},"footnotes":""},"class_list":["post-1288","page","type-page","status-publish","hentry"],"_links":{"self":[{"href":"https:\/\/agroindustriasgonzalez.com\/en\/wp-json\/wp\/v2\/pages\/1288","targetHints":{"allow":["GET"]}}],"collection":[{"href":"https:\/\/agroindustriasgonzalez.com\/en\/wp-json\/wp\/v2\/pages"}],"about":[{"href":"https:\/\/agroindustriasgonzalez.com\/en\/wp-json\/wp\/v2\/types\/page"}],"author":[{"embeddable":true,"href":"https:\/\/agroindustriasgonzalez.com\/en\/wp-json\/wp\/v2\/users\/3"}],"replies":[{"embeddable":true,"href":"https:\/\/agroindustriasgonzalez.com\/en\/wp-json\/wp\/v2\/comments?post=1288"}],"version-history":[{"count":31,"href":"https:\/\/agroindustriasgonzalez.com\/en\/wp-json\/wp\/v2\/pages\/1288\/revisions"}],"predecessor-version":[{"id":1681,"href":"https:\/\/agroindustriasgonzalez.com\/en\/wp-json\/wp\/v2\/pages\/1288\/revisions\/1681"}],"wp:attachment":[{"href":"https:\/\/agroindustriasgonzalez.com\/en\/wp-json\/wp\/v2\/media?parent=1288"}],"curies":[{"name":"wp","href":"https:\/\/api.w.org\/{rel}","templated":true}]}}